{"id":3816,"date":"2024-08-28T07:22:01","date_gmt":"2024-08-28T11:22:01","guid":{"rendered":"https:\/\/orgstl.araknyd.com\/register-an-event\/"},"modified":"2024-10-02T16:28:27","modified_gmt":"2024-10-02T20:28:27","slug":"register-an-event","status":"publish","type":"page","link":"https:\/\/orgstl.araknyd.com\/en\/register-an-event\/","title":{"rendered":"Register an event"},"content":{"rendered":"\t\t<div data-elementor-type=\"wp-page\" data-elementor-id=\"3816\" class=\"elementor elementor-3816 elementor-2184\" data-elementor-post-type=\"page\">\n\t\t\t\t\t\t<section class=\"elementor-section elementor-top-section elementor-element elementor-element-69bc046c elementor-section-boxed elementor-section-height-default elementor-section-height-default qodef-elementor-content-no\" data-id=\"69bc046c\" data-element_type=\"section\">\n\t\t\t\t\t\t<div class=\"elementor-container elementor-column-gap-default\">\n\t\t\t\t\t<div class=\"elementor-column elementor-col-100 elementor-top-column elementor-element elementor-element-4b8155c5 qodef-sticky-column--no\" data-id=\"4b8155c5\" data-element_type=\"column\">\n\t\t\t<div class=\"elementor-widget-wrap\">\n\t\t\t\t\t\t\t<\/div>\n\t\t<\/div>\n\t\t\t\t\t<\/div>\n\t\t<\/section>\n\t\t\t\t<section class=\"elementor-section elementor-top-section elementor-element elementor-element-8a07981 elementor-section-full_width elementor-section-height-min-height elementor-section-height-default elementor-section-items-middle qodef-elementor-content-no\" data-id=\"8a07981\" data-element_type=\"section\" data-settings=\"{&quot;background_background&quot;:&quot;classic&quot;,&quot;shape_divider_bottom&quot;:&quot;mountains&quot;}\">\n\t\t\t\t\t\t\t<div class=\"elementor-background-overlay\"><\/div>\n\t\t\t\t\t\t<div class=\"elementor-shape elementor-shape-bottom\" data-negative=\"false\">\n\t\t\t<svg xmlns=\"http:\/\/www.w3.org\/2000\/svg\" viewBox=\"0 0 1000 100\" preserveAspectRatio=\"none\">\n\t<path class=\"elementor-shape-fill\" opacity=\"0.33\" d=\"M473,67.3c-203.9,88.3-263.1-34-320.3,0C66,119.1,0,59.7,0,59.7V0h1000v59.7 c0,0-62.1,26.1-94.9,29.3c-32.8,3.3-62.8-12.3-75.8-22.1C806,49.6,745.3,8.7,694.9,4.7S492.4,59,473,67.3z\"\/>\n\t<path class=\"elementor-shape-fill\" opacity=\"0.66\" d=\"M734,67.3c-45.5,0-77.2-23.2-129.1-39.1c-28.6-8.7-150.3-10.1-254,39.1 s-91.7-34.4-149.2,0C115.7,118.3,0,39.8,0,39.8V0h1000v36.5c0,0-28.2-18.5-92.1-18.5C810.2,18.1,775.7,67.3,734,67.3z\"\/>\n\t<path class=\"elementor-shape-fill\" d=\"M766.1,28.9c-200-57.5-266,65.5-395.1,19.5C242,1.8,242,5.4,184.8,20.6C128,35.8,132.3,44.9,89.9,52.5C28.6,63.7,0,0,0,0 h1000c0,0-9.9,40.9-83.6,48.1S829.6,47,766.1,28.9z\"\/>\n<\/svg>\t\t<\/div>\n\t\t\t\t\t<div class=\"elementor-container elementor-column-gap-default\">\n\t\t\t\t\t<div class=\"elementor-column elementor-col-100 elementor-top-column elementor-element elementor-element-adb0604 qodef-sticky-column--no\" data-id=\"adb0604\" data-element_type=\"column\">\n\t\t\t<div class=\"elementor-widget-wrap elementor-element-populated\">\n\t\t\t\t\t\t<section class=\"elementor-section elementor-inner-section elementor-element elementor-element-5e5f00f elementor-section-boxed elementor-section-height-default elementor-section-height-default qodef-elementor-content-no\" data-id=\"5e5f00f\" data-element_type=\"section\" data-settings=\"{&quot;background_background&quot;:&quot;classic&quot;}\">\n\t\t\t\t\t\t<div class=\"elementor-container elementor-column-gap-default\">\n\t\t\t\t\t<div class=\"elementor-column elementor-col-33 elementor-inner-column elementor-element elementor-element-0bc391f qodef-sticky-column--no\" data-id=\"0bc391f\" data-element_type=\"column\">\n\t\t\t<div class=\"elementor-widget-wrap\">\n\t\t\t\t\t\t\t<\/div>\n\t\t<\/div>\n\t\t\t\t<div class=\"elementor-column elementor-col-33 elementor-inner-column elementor-element elementor-element-b2a259c qodef-sticky-column--no\" data-id=\"b2a259c\" data-element_type=\"column\">\n\t\t\t<div class=\"elementor-widget-wrap elementor-element-populated\">\n\t\t\t\t\t\t<div class=\"elementor-element elementor-element-6e02dda elementor-widget elementor-widget-elementskit-heading\" data-id=\"6e02dda\" data-element_type=\"widget\" data-settings=\"{&quot;ekit_we_effect_on&quot;:&quot;none&quot;}\" data-widget_type=\"elementskit-heading.default\">\n\t\t\t\t<div class=\"elementor-widget-container\">\n\t\t\t<div class=\"ekit-wid-con\" ><div class=\"ekit-heading elementskit-section-title-wraper text_center   ekit_heading_tablet-   ekit_heading_mobile-text_center\"><h1 class=\"ekit-heading--title elementskit-section-title \">Register an <span><span>event<\/span><\/span><\/h1><div class=\"ekit_heading_separetor_wraper ekit_heading_elementskit-border-divider elementskit-style-long\"><div class=\"elementskit-border-divider elementskit-style-long\"><\/div><\/div><\/div><\/div>\t\t<\/div>\n\t\t\t\t<\/div>\n\t\t\t\t\t<\/div>\n\t\t<\/div>\n\t\t\t\t<div class=\"elementor-column elementor-col-33 elementor-inner-column elementor-element elementor-element-fcd9104 qodef-sticky-column--no\" data-id=\"fcd9104\" data-element_type=\"column\">\n\t\t\t<div class=\"elementor-widget-wrap\">\n\t\t\t\t\t\t\t<\/div>\n\t\t<\/div>\n\t\t\t\t\t<\/div>\n\t\t<\/section>\n\t\t\t\t\t<\/div>\n\t\t<\/div>\n\t\t\t\t\t<\/div>\n\t\t<\/section>\n\t\t\t\t<section class=\"elementor-section elementor-top-section elementor-element elementor-element-e97c33d elementor-section-boxed elementor-section-height-default elementor-section-height-default qodef-elementor-content-no\" data-id=\"e97c33d\" data-element_type=\"section\" data-settings=\"{&quot;background_background&quot;:&quot;classic&quot;}\">\n\t\t\t\t\t\t<div class=\"elementor-container elementor-column-gap-default\">\n\t\t\t\t\t<div class=\"elementor-column elementor-col-100 elementor-top-column elementor-element elementor-element-001924f qodef-sticky-column--no\" data-id=\"001924f\" data-element_type=\"column\">\n\t\t\t<div class=\"elementor-widget-wrap elementor-element-populated\">\n\t\t\t\t\t\t<div class=\"elementor-element elementor-element-cc24d3e elementor-widget elementor-widget-image\" data-id=\"cc24d3e\" data-element_type=\"widget\" data-settings=\"{&quot;ekit_we_effect_on&quot;:&quot;none&quot;}\" data-widget_type=\"image.default\">\n\t\t\t\t<div class=\"elementor-widget-container\">\n\t\t\t\t\t\t\t\t\t\t\t\t\t<img decoding=\"async\" width=\"107\" height=\"107\" src=\"https:\/\/orgstl.araknyd.com\/wp-content\/uploads\/2024\/09\/event-circle.svg\" class=\"attachment-full size-full wp-image-4687\" alt=\"\" srcset=\"https:\/\/orgstl.araknyd.com\/wp-content\/uploads\/\/2024\/09\/event-circle.svg 150w, https:\/\/orgstl.araknyd.com\/wp-content\/uploads\/\/2024\/09\/event-circle.svg 300w, https:\/\/orgstl.araknyd.com\/wp-content\/uploads\/\/2024\/09\/event-circle.svg 1024w, https:\/\/orgstl.araknyd.com\/wp-content\/uploads\/\/2024\/09\/event-circle.svg 107w\" sizes=\"(max-width: 107px) 100vw, 107px\" \/>\t\t\t\t\t\t\t\t\t\t\t\t\t<\/div>\n\t\t\t\t<\/div>\n\t\t\t\t<div class=\"elementor-element elementor-element-2079fd9 elementor-widget elementor-widget-elementskit-heading\" data-id=\"2079fd9\" data-element_type=\"widget\" data-settings=\"{&quot;ekit_we_effect_on&quot;:&quot;none&quot;}\" data-widget_type=\"elementskit-heading.default\">\n\t\t\t\t<div class=\"elementor-widget-container\">\n\t\t\t<div class=\"ekit-wid-con\" ><div class=\"ekit-heading elementskit-section-title-wraper text_center   ekit_heading_tablet-   ekit_heading_mobile-text_center\"><h4 class=\"ekit-heading--title elementskit-section-title \">Communicate an event from your organization in just a few clicks<\/h4><div class=\"ekit_heading_separetor_wraper ekit_heading_elementskit-border-divider elementskit-style-long\"><div class=\"elementskit-border-divider elementskit-style-long\"><\/div><\/div><\/div><\/div>\t\t<\/div>\n\t\t\t\t<\/div>\n\t\t\t\t<section class=\"elementor-section elementor-inner-section elementor-element elementor-element-c0d5c9c elementor-section-boxed elementor-section-height-default elementor-section-height-default qodef-elementor-content-no\" data-id=\"c0d5c9c\" data-element_type=\"section\">\n\t\t\t\t\t\t<div class=\"elementor-container elementor-column-gap-default\">\n\t\t\t\t\t<div class=\"elementor-column elementor-col-33 elementor-inner-column elementor-element elementor-element-80cfaec qodef-sticky-column--no\" data-id=\"80cfaec\" data-element_type=\"column\">\n\t\t\t<div class=\"elementor-widget-wrap elementor-element-populated\">\n\t\t\t\t\t\t<div class=\"elementor-element elementor-element-9aa1d3b ekit-equal-height-enable elementor-widget elementor-widget-elementskit-icon-box\" data-id=\"9aa1d3b\" data-element_type=\"widget\" data-settings=\"{&quot;ekit_we_effect_on&quot;:&quot;none&quot;}\" data-widget_type=\"elementskit-icon-box.default\">\n\t\t\t\t<div class=\"elementor-widget-container\">\n\t\t\t<div class=\"ekit-wid-con\" >        <!-- link opening -->\n                <!-- end link opening -->\n\n        <div class=\"elementskit-infobox text-center text- icon-top-align elementor-animation-   \">\n                    <div class=\"elementskit-box-header elementor-animation-\">\n                <div class=\"elementskit-info-box-icon  \">\n                    <i aria-hidden=\"true\" class=\"elementkit-infobox-icon icon icon-edit1\"><\/i>\n                <\/div>\n          <\/div>\n                        <div class=\"box-body\">\n                            <h4 class=\"elementskit-info-box-title\">\n                    Prepare your content and fill in the form.                <\/h4>\n                                            <\/div>\n        \n        \n                    <div class=\"ekit-icon-box-badge ekit_position_custom\">\n                <span class=\"ekit-badge\">1<\/span>\n            <\/div>\n                <\/div>\n        <\/div>\t\t<\/div>\n\t\t\t\t<\/div>\n\t\t\t\t\t<\/div>\n\t\t<\/div>\n\t\t\t\t<div class=\"elementor-column elementor-col-33 elementor-inner-column elementor-element elementor-element-a11aad7 qodef-sticky-column--no\" data-id=\"a11aad7\" data-element_type=\"column\">\n\t\t\t<div class=\"elementor-widget-wrap elementor-element-populated\">\n\t\t\t\t\t\t<div class=\"elementor-element elementor-element-7f54b28 ekit-equal-height-enable elementor-widget elementor-widget-elementskit-icon-box\" data-id=\"7f54b28\" data-element_type=\"widget\" data-settings=\"{&quot;ekit_we_effect_on&quot;:&quot;none&quot;}\" data-widget_type=\"elementskit-icon-box.default\">\n\t\t\t\t<div class=\"elementor-widget-container\">\n\t\t\t<div class=\"ekit-wid-con\" >        <!-- link opening -->\n                <!-- end link opening -->\n\n        <div class=\"elementskit-infobox text-center text- icon-top-align elementor-animation-   \">\n                    <div class=\"elementskit-box-header elementor-animation-\">\n                <div class=\"elementskit-info-box-icon  \">\n                    <i aria-hidden=\"true\" class=\"elementkit-infobox-icon icon icon-checkmark-circle\"><\/i>\n                <\/div>\n          <\/div>\n                        <div class=\"box-body\">\n                            <h3 class=\"elementskit-info-box-title\">\n                    Check your content before submitting the form.                <\/h3>\n                                            <\/div>\n        \n        \n                    <div class=\"ekit-icon-box-badge ekit_position_custom\">\n                <span class=\"ekit-badge\">2<\/span>\n            <\/div>\n                <\/div>\n        <\/div>\t\t<\/div>\n\t\t\t\t<\/div>\n\t\t\t\t\t<\/div>\n\t\t<\/div>\n\t\t\t\t<div class=\"elementor-column elementor-col-33 elementor-inner-column elementor-element elementor-element-38eb5bc qodef-sticky-column--no\" data-id=\"38eb5bc\" data-element_type=\"column\">\n\t\t\t<div class=\"elementor-widget-wrap elementor-element-populated\">\n\t\t\t\t\t\t<div class=\"elementor-element elementor-element-7a139ad ekit-equal-height-enable elementor-widget elementor-widget-elementskit-icon-box\" data-id=\"7a139ad\" data-element_type=\"widget\" data-settings=\"{&quot;ekit_we_effect_on&quot;:&quot;none&quot;}\" data-widget_type=\"elementskit-icon-box.default\">\n\t\t\t\t<div class=\"elementor-widget-container\">\n\t\t\t<div class=\"ekit-wid-con\" >        <!-- link opening -->\n                <!-- end link opening -->\n\n        <div class=\"elementskit-infobox text-center text- icon-top-align elementor-animation-   \">\n                    <div class=\"elementskit-box-header elementor-animation-\">\n                <div class=\"elementskit-info-box-icon  \">\n                    <i aria-hidden=\"true\" class=\"elementkit-infobox-icon icon icon-bell\"><\/i>\n                <\/div>\n          <\/div>\n                        <div class=\"box-body\">\n                            <h3 class=\"elementskit-info-box-title\">\n                    Wait for confirmation that your event has been published                <\/h3>\n                                            <\/div>\n        \n        \n                    <div class=\"ekit-icon-box-badge ekit_position_custom\">\n                <span class=\"ekit-badge\">3<\/span>\n            <\/div>\n                <\/div>\n        <\/div>\t\t<\/div>\n\t\t\t\t<\/div>\n\t\t\t\t\t<\/div>\n\t\t<\/div>\n\t\t\t\t\t<\/div>\n\t\t<\/section>\n\t\t\t\t\t<\/div>\n\t\t<\/div>\n\t\t\t\t\t<\/div>\n\t\t<\/section>\n\t\t\t\t<section class=\"elementor-section elementor-top-section elementor-element elementor-element-228b375 elementor-section-boxed elementor-section-height-default elementor-section-height-default qodef-elementor-content-no\" data-id=\"228b375\" data-element_type=\"section\" data-settings=\"{&quot;background_background&quot;:&quot;gradient&quot;,&quot;shape_divider_top&quot;:&quot;mountains&quot;}\">\n\t\t\t\t\t<div class=\"elementor-shape elementor-shape-top\" data-negative=\"false\">\n\t\t\t<svg xmlns=\"http:\/\/www.w3.org\/2000\/svg\" viewBox=\"0 0 1000 100\" preserveAspectRatio=\"none\">\n\t<path class=\"elementor-shape-fill\" opacity=\"0.33\" d=\"M473,67.3c-203.9,88.3-263.1-34-320.3,0C66,119.1,0,59.7,0,59.7V0h1000v59.7 c0,0-62.1,26.1-94.9,29.3c-32.8,3.3-62.8-12.3-75.8-22.1C806,49.6,745.3,8.7,694.9,4.7S492.4,59,473,67.3z\"\/>\n\t<path class=\"elementor-shape-fill\" opacity=\"0.66\" d=\"M734,67.3c-45.5,0-77.2-23.2-129.1-39.1c-28.6-8.7-150.3-10.1-254,39.1 s-91.7-34.4-149.2,0C115.7,118.3,0,39.8,0,39.8V0h1000v36.5c0,0-28.2-18.5-92.1-18.5C810.2,18.1,775.7,67.3,734,67.3z\"\/>\n\t<path class=\"elementor-shape-fill\" d=\"M766.1,28.9c-200-57.5-266,65.5-395.1,19.5C242,1.8,242,5.4,184.8,20.6C128,35.8,132.3,44.9,89.9,52.5C28.6,63.7,0,0,0,0 h1000c0,0-9.9,40.9-83.6,48.1S829.6,47,766.1,28.9z\"\/>\n<\/svg>\t\t<\/div>\n\t\t\t\t\t<div class=\"elementor-container elementor-column-gap-default\">\n\t\t\t\t\t<div class=\"elementor-column elementor-col-100 elementor-top-column elementor-element elementor-element-0fc121a qodef-sticky-column--no\" data-id=\"0fc121a\" data-element_type=\"column\">\n\t\t\t<div class=\"elementor-widget-wrap elementor-element-populated\">\n\t\t\t\t\t\t<div class=\"elementor-element elementor-element-2b3a0e3 elementor-widget elementor-widget-html\" data-id=\"2b3a0e3\" data-element_type=\"widget\" data-settings=\"{&quot;ekit_we_effect_on&quot;:&quot;none&quot;}\" data-widget_type=\"html.default\">\n\t\t\t\t<div class=\"elementor-widget-container\">\n\t\t\t<div class=\"gform_wrapper gravity-theme\">\n<form id=\"submission-form\" enctype=\"multipart\/form-data\">\n    <div class=\"gform_fields\">\n        <div class=\"gfield gfield--width-half\">\n            <label for=\"nom\" class=\"required\">Name<\/label>\n            <input type=\"text\" id=\"nom\" name=\"nom\" placeholder=\"Name\" required=\"\">\n        <\/div>\n\n        <div class=\"gfield gfield--width-half\">\n            <label for=\"prenom\" class=\"required\">First name<\/label>\n            <input type=\"text\" id=\"prenom\" name=\"prenom\" placeholder=\"First name\" required=\"\">\n        <\/div>\n\n        <div class=\"gfield gfield--width-half\">\n            <label for=\"courriel\" class=\"required\">E-mail<\/label>\n            <input type=\"email\" id=\"courriel\" name=\"courriel\" placeholder=\"abc@def.ghi\" required=\"\">\n        <\/div>\n\n        <div class=\"gfield gfield--width-half\">\n            <label for=\"telephone\" class=\"required\">Phone<\/label>\n            <input type=\"tel\" id=\"telephone\" name=\"telephone\" placeholder=\"123 456-7890\" required=\"\">\n        <\/div>\n                <div class=\"gfield\">\n            <label for=\"title\" class=\"required\">Title<\/label>\n            <input type=\"text\" id=\"title\" name=\"titre_en\" placeholder=\"Title\" required>\n        <\/div>\n        <div class=\"gfield gfield--width-half\">\n            <label for=\"lieu_de_levenement\" class=\"required\">Event Locatiom<\/label>\n            <input type=\"text\" id=\"lieu_de_levenement\" name=\"lieu_de_levenement_en\" placeholder=\"Nom\" required>\n        <\/div>\n\n        <div class=\"gfield gfield--width-half\">\n            <label for=\"adresse_de_levenement\">Event Address<\/label>\n            <input type=\"text\" id=\"adresse_de_levenement\" name=\"adresse_de_levenement_en\" placeholder=\"Pr\u00e9nom\">\n        <\/div>\n\n        <div class=\"gfield gfield--width-half\">\n            <label for=\"choisir_organisateur\" class=\"required\">Your organization<\/label>\n            <select name=\"choisir_organisateur\" id=\"author-select\" data-lang=\"fr\" required>\n                <!-- Les auteurs seront charg\u00e9s ici via l'API -->\n                <option>Loading...<\/option>\n            <\/select>\n        <\/div>\n    \n        <div class=\"gfield gfield--width-half\">\n            <label for=\"category-select\" class=\"required\">Category<\/label>\n            <select name=\"category\" id=\"category-select\" data-lang=\"en\" required>\n                <!-- Les cat\u00e9gories seront charg\u00e9s ici via l'API -->\n                <option>Loading...<\/option>\n            <\/select>\n        <\/div>\n\n        <div class=\"gfield gfield--width-half\">\n                <label for=\"lien_vers_le_site_web\">Link to website (Learn more)<\/label>\n                <input type=\"url\" id=\"lien_vers_le_site_web\" name=\"lien_vers_le_site_web_en\" placeholder=\"abc@def.ghi\" required>\n            <\/div>\n        <div class=\"gfield gfield--width-half\">\n                <label for=\"cout_de_participation\">Cost of participation<\/label>\n                <input type=\"number\" id=\"cout_de_participation\" name=\"cout_de_participation\">\n        <\/div>\n\n        <div class=\"gfield gfield--width-half form-row\">\n            <div class=\"form-group\">\n            <label for=\"date_de_debut\" class=\"required\">Start date<\/label>\n            <input type=\"date\" id=\"date_de_debut\" name=\"date_de_debut\" required>\n            <\/div>\n            <div class=\"form-group\">\n            <label for=\"heure_de_debut\" class=\"required\">Start time<\/label>\n            <input type=\"text\" class=\"time\" id=\"heure_de_debut\" name=\"heure_de_debut\" required>\n            <\/div>\n        <\/div>\n        \n        <div class=\"gfield gfield--width-half form-row\">\n            <div class=\"gfield form-group\">\n                <label for=\"date_de_fin\">End date<\/label>\n                <input type=\"date\" id=\"date_de_fin\" name=\"date_de_fin\">\n            <\/div>\n            <div class=\"gfield form-group\">\n                <label for=\"heure_de_fin\">End time<\/label>\n                <input type=\"text\" class=\"time\" id=\"heure_de_fin\" name=\"heure_de_fin\">\n            <\/div>\n        <\/div>\n        \n        <div class=\"gfield\">\n            <label for=\"contenu\" class=\"required\">Talk about your event<\/label>\n            <textarea id=\"contenu\" name=\"contenu_en\" placeholder=\"Fournissez tous les d\u00e9tails de votre \u00e9v\u00e9nement\" required><\/textarea>\n        <\/div>\n\n        <div class=\"gfield gfield--width-half gr-form-upload__wrapper\">\n            <label for=\"image_principale\" class=\"required\">Featured image<\/label>\n            <input type=\"file\" id=\"image_principale\" name=\"image_principale\" required>\n        <\/div>\n        \n        <div class=\"gfield gfield--width-half gr-form-upload__wrapper\">\n            <label for=\"importer_un_fichier\">Upload a file (PDF\/DOC)<\/label>\n            <input type=\"file\" id=\"importer_un_fichier\" name=\"importer_un_fichier\" accept=\".pdf,.doc,.docx\">\n        <\/div>\n        \n        <div class=\"gfield\">\n            <label>\n                <input name=\"langue\" value=\"fr\" type=\"checkbox\" id=\"add-english-version\"> Add a French version\n            <\/label>\n        <\/div>\n                        <div class=\"english-fields gfield\">\n            <label for=\"titre\" class=\"required\">Title<\/label>\n            <input type=\"text\" id=\"titre\" name=\"titre_fr\" placeholder=\"Titre\">\n        <\/div>\n        <div class=\"english-fields gfield gfield--width-half\">\n            <label for=\"lieu_de_levenement_en\" class=\"required\">Event location in French<\/label>\n            <input type=\"text\" id=\"lieu_de_levenement_en\" name=\"lieu_de_levenement_fr\" placeholder=\"Nom du lieu\">\n        <\/div>\n<div class=\"english-fields gfield gfield--width-half\">\n                <label for=\"lien_vers_le_site_web_en\">Link to website (Learn more) in French<\/label>\n                <input type=\"url\" id=\"lien_vers_le_site_web_en\" name=\"lien_vers_le_site_web_fr\" placeholder=\"abc@def.ghi\">\n            <\/div>\n                    <div class=\"english-fields gfield\">\n            <label for=\"contenu-enfr\" class=\"required\">Talk about your event in French<\/label>\n            <textarea id=\"contenu-en\" name=\"contenu_fr\" placeholder=\"Fournissez tous les d\u00e9tails de votre \u00e9v\u00e9nement\"><\/textarea>\n        <\/div>\n\n\n        <\/div>\n        <!-- reCAPTCHA -->\n    <div class=\"g-recaptcha\" data-sitekey=\"6LdOclUoAAAAAHSssLfmuoXW2CI3ygc_tFFci1JO\"><\/div>\n        <button type=\"submit\" id=\"submit\">Submit the event<\/button>\n    <\/form>\n        <\/div>\n\n    <div id=\"response-message\"><\/div>\t\t<\/div>\n\t\t\t\t<\/div>\n\t\t\t\t\t<\/div>\n\t\t<\/div>\n\t\t\t\t\t<\/div>\n\t\t<\/section>\n\t\t\t\t<\/div>\n\t\t","protected":false},"excerpt":{"rendered":"<p>Register an event Communicate an event from your organization in just a few clicks Prepare your content and fill in the form. 1 Check your content before submitting the form. 2 Wait for confirmation that your event has been published 3 Name First name E-mail Phone Title Event Locatiom Event Address Your organization Loading&#8230; Category [&hellip;]<\/p>\n","protected":false},"author":1,"featured_media":1156,"parent":0,"menu_order":0,"comment_status":"closed","ping_status":"closed","template":"","meta":{"_acf_changed":false,"footnotes":""},"class_list":["post-3816","page","type-page","status-publish","has-post-thumbnail","hentry"],"acf":[],"_links":{"self":[{"href":"https:\/\/orgstl.araknyd.com\/en\/wp-json\/wp\/v2\/pages\/3816","targetHints":{"allow":["GET"]}}],"collection":[{"href":"https:\/\/orgstl.araknyd.com\/en\/wp-json\/wp\/v2\/pages"}],"about":[{"href":"https:\/\/orgstl.araknyd.com\/en\/wp-json\/wp\/v2\/types\/page"}],"author":[{"embeddable":true,"href":"https:\/\/orgstl.araknyd.com\/en\/wp-json\/wp\/v2\/users\/1"}],"replies":[{"embeddable":true,"href":"https:\/\/orgstl.araknyd.com\/en\/wp-json\/wp\/v2\/comments?post=3816"}],"version-history":[{"count":43,"href":"https:\/\/orgstl.araknyd.com\/en\/wp-json\/wp\/v2\/pages\/3816\/revisions"}],"predecessor-version":[{"id":6109,"href":"https:\/\/orgstl.araknyd.com\/en\/wp-json\/wp\/v2\/pages\/3816\/revisions\/6109"}],"wp:featuredmedia":[{"embeddable":true,"href":"https:\/\/orgstl.araknyd.com\/en\/wp-json\/wp\/v2\/media\/1156"}],"wp:attachment":[{"href":"https:\/\/orgstl.araknyd.com\/en\/wp-json\/wp\/v2\/media?parent=3816"}],"curies":[{"name":"wp","href":"https:\/\/api.w.org\/{rel}","templated":true}]}}